{"id":1329,"date":"2025-07-13T16:01:26","date_gmt":"2025-07-13T16:01:26","guid":{"rendered":"https:\/\/fuarix.com\/?page_id=1329"},"modified":"2025-07-16T08:57:18","modified_gmt":"2025-07-16T08:57:18","slug":"kariyer","status":"publish","type":"page","link":"https:\/\/fuarix.com\/en\/kariyer\/","title":{"rendered":"Career"},"content":{"rendered":"<h3 class=\"wp-block-heading\"><strong>Career<\/strong><\/h3>\n\n\n\n<p><strong>Let\u2019s shape the future together.<\/strong><\/p>\n\n\n\n<p>Fuarix\u2019te her fuar, sadece bir organizasyon de\u011fil; bir vizyonun, bir fikrin ve bir ekibin sonucudur.<br>T\u00fcrkiye\u2019nin d\u00f6rt bir yan\u0131nda i\u015f d\u00fcnyas\u0131n\u0131 bulu\u015ftururken, uluslararas\u0131 alanda da g\u00fcvenilir bir temsilci olarak b\u00fcy\u00fcmeye devam ediyoruz.<\/p>\n\n\n\n<p>Sekt\u00f6re de\u011fer katan, ileti\u015fim g\u00fcc\u00fc y\u00fcksek ve yenilik\u00e7i \u00e7al\u0131\u015fma arkada\u015flar\u0131 ar\u0131yoruz.<\/p>\n\n\n\n<hr class=\"wp-block-separator has-alpha-channel-opacity\"\/>\n\n\n\n<h3 class=\"wp-block-heading\"><strong>Why Fuarix?<\/strong><\/h3>\n\n\n\n<ul class=\"wp-block-list\">\n<li> A team culture based on open communication<\/li>\n\n\n\n<li> Areas of responsibility where you can make your own decisions<\/li>\n\n\n\n<li> Opportunities to gain experience in national and international events<\/li>\n\n\n\n<li> An environment that supports continuous learning and development<\/li>\n\n\n\n<li> Chance to participate in real projects and make a difference<\/li>\n<\/ul>\n\n\n\n<hr class=\"wp-block-separator has-alpha-channel-opacity\"\/>\n\n\n\n<h3 class=\"wp-block-heading\"><strong>How Can I Apply?<\/strong><\/h3>\n\n\n\n<ul class=\"wp-block-list\">\n<li class=\"translation-block\">Send your resume and a short motivation letter to career@fuarix.com.<\/li>\n\n\n\n<li>Don\u2019t forget to mention the position you\u2019re interested in the subject line.<\/li>\n\n\n\n<li>You can also contact us for internship and freelance collaboration opportunities.<\/li>\n<\/ul>\n\n\n\n<p><\/p>","protected":false},"excerpt":{"rendered":"<p>Kariyer Gelece\u011fi birlikte \u015fekillendirelim. Fuarix\u2019te her fuar, sadece bir organizasyon de\u011fil; bir vizyonun, bir fikrin ve bir ekibin sonucudur.T\u00fcrkiye\u2019nin d\u00f6rt bir yan\u0131nda i\u015f d\u00fcnyas\u0131n\u0131 bulu\u015ftururken, uluslararas\u0131 alanda da g\u00fcvenilir bir temsilci olarak b\u00fcy\u00fcmeye devam ediyoruz. Sekt\u00f6re de\u011fer katan, ileti\u015fim g\u00fcc\u00fc y\u00fcksek ve yenilik\u00e7i \u00e7al\u0131\u015fma arkada\u015flar\u0131 ar\u0131yoruz. Neden Fuarix? Nas\u0131l Ba\u015fvurabilirim?<\/p>","protected":false},"author":3,"featured_media":0,"parent":0,"menu_order":0,"comment_status":"closed","ping_status":"closed","template":"","meta":{"site-sidebar-layout":"default","site-content-layout":"","ast-site-content-layout":"default","site-content-style":"default","site-sidebar-style":"default","ast-global-header-display":"","ast-banner-title-visibility":"","ast-main-header-display":"","ast-hfb-above-header-display":"","ast-hfb-below-header-display":"","ast-hfb-mobile-header-display":"","site-post-title":"","ast-breadcrumbs-content":"","ast-featured-img":"","footer-sml-layout":"","ast-disable-related-posts":"","theme-transparent-header-meta":"","adv-header-id-meta":"","stick-header-meta":"","header-above-stick-meta":"","header-main-stick-meta":"","header-below-stick-meta":"","astra-migrate-meta-layouts":"set","ast-page-background-enabled":"default","ast-page-background-meta":{"desktop":{"background-color":"","background-image":"","background-repeat":"repeat","background-position":"center center","background-size":"auto","background-attachment":"scroll","background-type":"","background-media":"","overlay-type":"","overlay-color":"","overlay-opacity":"","overlay-gradient":""},"tablet":{"background-color":"","background-image":"","background-repeat":"repeat","background-position":"center center","background-size":"auto","background-attachment":"scroll","background-type":"","background-media":"","overlay-type":"","overlay-color":"","overlay-opacity":"","overlay-gradient":""},"mobile":{"background-color":"","background-image":"","background-repeat":"repeat","background-position":"center center","background-size":"auto","background-attachment":"scroll","background-type":"","background-media":"","overlay-type":"","overlay-color":"","overlay-opacity":"","overlay-gradient":""}},"ast-content-background-meta":{"desktop":{"background-color":"var(--ast-global-color-5)","background-image":"","background-repeat":"repeat","background-position":"center center","background-size":"auto","background-attachment":"scroll","background-type":"","background-media":"","overlay-type":"","overlay-color":"","overlay-opacity":"","overlay-gradient":""},"tablet":{"background-color":"var(--ast-global-color-5)","background-image":"","background-repeat":"repeat","background-position":"center center","background-size":"auto","background-attachment":"scroll","background-type":"","background-media":"","overlay-type":"","overlay-color":"","overlay-opacity":"","overlay-gradient":""},"mobile":{"background-color":"var(--ast-global-color-5)","background-image":"","background-repeat":"repeat","background-position":"center center","background-size":"auto","background-attachment":"scroll","background-type":"","background-media":"","overlay-type":"","overlay-color":"","overlay-opacity":"","overlay-gradient":""}},"footnotes":""},"class_list":["post-1329","page","type-page","status-publish","hentry"],"_links":{"self":[{"href":"https:\/\/fuarix.com\/en\/wp-json\/wp\/v2\/pages\/1329","targetHints":{"allow":["GET"]}}],"collection":[{"href":"https:\/\/fuarix.com\/en\/wp-json\/wp\/v2\/pages"}],"about":[{"href":"https:\/\/fuarix.com\/en\/wp-json\/wp\/v2\/types\/page"}],"author":[{"embeddable":true,"href":"https:\/\/fuarix.com\/en\/wp-json\/wp\/v2\/users\/3"}],"replies":[{"embeddable":true,"href":"https:\/\/fuarix.com\/en\/wp-json\/wp\/v2\/comments?post=1329"}],"version-history":[{"count":2,"href":"https:\/\/fuarix.com\/en\/wp-json\/wp\/v2\/pages\/1329\/revisions"}],"predecessor-version":[{"id":1388,"href":"https:\/\/fuarix.com\/en\/wp-json\/wp\/v2\/pages\/1329\/revisions\/1388"}],"wp:attachment":[{"href":"https:\/\/fuarix.com\/en\/wp-json\/wp\/v2\/media?parent=1329"}],"curies":[{"name":"wp","href":"https:\/\/api.w.org\/{rel}","templated":true}]}}