{"id":1394,"date":"2025-07-14T17:27:07","date_gmt":"2025-07-14T17:27:07","guid":{"rendered":"https:\/\/fuarix.com\/?page_id=1394"},"modified":"2025-08-02T09:11:33","modified_gmt":"2025-08-02T09:11:33","slug":"basinda-biz","status":"publish","type":"page","link":"https:\/\/fuarix.com\/en\/basinda-biz\/","title":{"rendered":"Us in the Press"},"content":{"rendered":"<div data-elementor-type=\"wp-page\" data-elementor-id=\"1394\" class=\"elementor elementor-1394\">\n\t\t\t\t<div class=\"elementor-element elementor-element-13ac48a2 e-flex e-con-boxed e-con e-parent\" data-id=\"13ac48a2\" data-element_type=\"container\" data-e-type=\"container\">\n\t\t\t\t\t<div class=\"e-con-inner\">\n\t\t\t\t<div class=\"elementor-element elementor-element-a5551f3 elementor-widget elementor-widget-heading\" data-id=\"a5551f3\" data-element_type=\"widget\" data-e-type=\"widget\" data-widget_type=\"heading.default\">\n\t\t\t\t<div class=\"elementor-widget-container\">\n\t\t\t\t\t<h2 class=\"elementor-heading-title elementor-size-default\">Fuarix BASINDA<\/h2>\t\t\t\t<\/div>\n\t\t\t\t<\/div>\n\t\t\t\t<div class=\"elementor-element elementor-element-05defb1 elementor-widget elementor-widget-heading\" data-id=\"05defb1\" data-element_type=\"widget\" data-e-type=\"widget\" data-widget_type=\"heading.default\">\n\t\t\t\t<div class=\"elementor-widget-container\">\n\t\t\t\t\t<h3 class=\"elementor-heading-title elementor-size-default\">Medyada Yer Almaya Haz\u0131rlan\u0131yoruz<\/h3>\t\t\t\t<\/div>\n\t\t\t\t<\/div>\n\t\t\t\t<div class=\"elementor-element elementor-element-1686ac6 elementor-widget elementor-widget-text-editor\" data-id=\"1686ac6\" data-element_type=\"widget\" data-e-type=\"widget\" data-widget_type=\"text-editor.default\">\n\t\t\t\t<div class=\"elementor-widget-container\">\n\t\t\t\t\t\t\t\t\t<p>Fuarix olarak sekt\u00f6r\u00fcm\u00fczde ses getirecek projeler geli\u015ftiriyoruz. Her biri dikkatle planlanan fuarlar\u0131m\u0131z ve stratejik ortakl\u0131klar\u0131m\u0131z sayesinde medya kurulu\u015flar\u0131n\u0131n ilgisini \u00e7ekmeye ba\u015flad\u0131k. Yak\u0131n gelecekte ulusal ve yerel bas\u0131nda yer alacak haberlerimizi burada sizlerle payla\u015faca\u011f\u0131z.<\/p>\t\t\t\t\t\t\t\t<\/div>\n\t\t\t\t<\/div>\n\t\t\t\t<div class=\"elementor-element elementor-element-2e5da6f0 elementor-widget elementor-widget-text-editor\" data-id=\"2e5da6f0\" data-element_type=\"widget\" data-e-type=\"widget\" data-widget_type=\"text-editor.default\">\n\t\t\t\t<div class=\"elementor-widget-container\">\n\t\t\t\t\t\t\t\t\t<h4 class=\"wp-block-heading\"><strong>Bas\u0131nda Biz de Yerimizi Al\u0131yoruz!<\/strong><\/h4>\n<p><!-- \/wp:heading --><!-- wp:paragraph --><\/p>\n<p data-start=\"1010\" data-end=\"1437\">Fuarix olarak fuarc\u0131l\u0131k sekt\u00f6r\u00fcndeki tecr\u00fcbemizi ve yenilik\u00e7i yakla\u015f\u0131m\u0131m\u0131z\u0131 her ge\u00e7en g\u00fcn daha geni\u015f kitlelere ula\u015ft\u0131rmay\u0131 hedefliyoruz. Yerel ve ulusal bas\u0131nda ad\u0131m\u0131zdan s\u00f6z ettirmek, projelerimizi daha fazla insana tan\u0131tmak ve sekt\u00f6re katk\u0131 sa\u011flamak en b\u00fcy\u00fck motivasyonlar\u0131m\u0131zdan biri. Bu sayfada Fuarix hakk\u0131nda yay\u0131nlanan t\u00fcm bas\u0131n haberlerini, r\u00f6portajlar\u0131 ve medya i\u00e7eriklerini takip edebilirsiniz.<\/p>\n<p data-start=\"1010\" data-end=\"1437\"><strong data-start=\"607\" data-end=\"628\">Fuarix Kimdir?<\/strong><br data-start=\"628\" data-end=\"631\" \/>Fuarix\u2019in vizyonu, Konya merkezli g\u00fc\u00e7l\u00fc fuar organizasyonlar\u0131yla sekt\u00f6re y\u00f6n vermektir. Detayl\u0131 bilgi i\u00e7in <a href=\"https:\/\/fuarix.com\/en\/hakkimizda\/\">Hakk\u0131m\u0131zda sayfam\u0131za g\u00f6z atabilirsiniz.<\/a><\/p>\n<p data-start=\"1439\" data-end=\"1814\"><strong data-start=\"1439\" data-end=\"1484\">Neden Bas\u0131nda Yer Al\u0131yoruz?<\/strong><br data-start=\"1484\" data-end=\"1487\" \/>Fuarlar, kentlerin ticari dinamizmini art\u0131ran \u00f6nemli organizasyonlard\u0131r. Fuarix olarak y\u00fcr\u00fctt\u00fc\u011f\u00fcm\u00fcz projelerin hem \u015fehir ekonomisine hem de sekt\u00f6rlere sundu\u011fu katk\u0131lar medya taraf\u0131ndan ilgiyle takip ediliyor. \u00d6zellikle Konya gibi \u00fcretim g\u00fcc\u00fc y\u00fcksek bir \u015fehirde yeni fuar markalar\u0131 yaratmak, medyada dikkat \u00e7eken bir geli\u015fmedir.<\/p>\n<p data-start=\"1816\" data-end=\"2150\"><strong data-start=\"1816\" data-end=\"1864\">Yay\u0131na Haz\u0131rlanan Haberlerimiz<\/strong><br data-start=\"1864\" data-end=\"1867\" \/>\u015eu an y\u00fcr\u00fctmekte oldu\u011fumuz 5 ayr\u0131 fuar projesiyle ilgili medya kurulu\u015flar\u0131yla ileti\u015fim halindeyiz. Bu projelerin tan\u0131t\u0131m\u0131 i\u00e7in \u00f6n\u00fcm\u00fczdeki g\u00fcnlerde \u00e7e\u015fitli gazetelerde, haber portallar\u0131nda ve sekt\u00f6rel dergilerde i\u00e7erikler yay\u0131nlanacak. Yay\u0131na girdi\u011fi anda bu sayfadan eri\u015febilirsiniz. <br \/><br \/>Konya&#8217;da planlanmakta olan yeni fuar projelerimizi incelemek i\u00e7in <a href=\"\/en\/yurt-ici-fuarlar\/\">Domestic Fairs<\/a> sayfam\u0131za g\u00f6z atabilisiniz<\/p>\n<p data-start=\"2152\" data-end=\"2426\"><strong data-start=\"2152\" data-end=\"2202\">R\u00f6portaj ve Tan\u0131t\u0131m Dosyalar\u0131m\u0131z<\/strong><br data-start=\"2202\" data-end=\"2205\" \/>Kurucumuz Arif Cem Sel\u00e7uk ile yap\u0131lan r\u00f6portajlar, fuarc\u0131l\u0131k sekt\u00f6r\u00fcndeki de\u011fi\u015fimi ve Fuarix\u2019in vizyonunu ortaya koyan \u00f6nemli i\u00e7erikler olacakt\u0131r. R\u00f6portajlar yay\u0131nland\u0131k\u00e7a bu sayfadan PDF ve ba\u011flant\u0131 olarak payla\u015faca\u011f\u0131z.<\/p>\n<p data-start=\"2428\" data-end=\"2636\"><strong data-start=\"2428\" data-end=\"2465\">Bas\u0131n B\u00fcltenlerimiz<\/strong><br data-start=\"2465\" data-end=\"2468\" \/>Fuarix olarak hem yerel hem ulusal medya organlar\u0131na g\u00f6nderdi\u011fimiz bas\u0131n b\u00fcltenlerini burada ar\u015fivleyece\u011fiz. Bas\u0131n mensuplar\u0131 bu sayfadan kolayca eri\u015fim sa\u011flayabilecek.<\/p>\n<p data-start=\"2638\" data-end=\"2876\"><strong data-start=\"2638\" data-end=\"2680\">Contact us<\/strong><br data-start=\"2680\" data-end=\"2683\" \/>Bas\u0131n mensubuysan\u0131z ve Fuarix hakk\u0131nda bilgi almak ya da r\u00f6portaj talebinde bulunmak istiyorsan\u0131z, <a class=\"cursor-pointer\" rel=\"noopener\" data-start=\"2782\" data-end=\"2831\">iletisim@fuarix.com<\/a> adresinden bizimle ileti\u015fime ge\u00e7ebilirsiniz.<\/p>\n<p data-start=\"2638\" data-end=\"2876\">\u00a0<\/p>\n<hr \/>\n<p data-start=\"327\" data-end=\"547\">\u00a0<\/p>\n<p data-start=\"327\" data-end=\"547\"><strong style=\"font-size: 1.3em;\">Fuarix Kurumsal \u0130leti\u015fim<\/strong><\/p>\n<p><!-- \/wp:heading --><!-- wp:paragraph --><\/p>\n<p>Bas\u0131n ve medya i\u015f birlikleri i\u00e7in:<br \/><strong><a href=\"mailto:iletisim@fuarix.com\">iletisim@fuarix.com<\/a><\/strong><br \/>Fuarix Bas\u0131n ve Kurumsal \u0130leti\u015fim Departman\u0131<\/p>\n<p><!-- \/wp:paragraph --><!-- wp:paragraph --><\/p>\n<p><!-- \/wp:paragraph --><\/p>\t\t\t\t\t\t\t\t<\/div>\n\t\t\t\t<\/div>\n\t\t\t\t<div class=\"elementor-element elementor-element-8fc39a2 elementor-widget elementor-widget-heading\" data-id=\"8fc39a2\" data-element_type=\"widget\" data-e-type=\"widget\" data-widget_type=\"heading.default\">\n\t\t\t\t<div class=\"elementor-widget-container\">\n\t\t\t\t\t<h4 class=\"elementor-heading-title elementor-size-default\">Bas\u0131n i\u00e7in Haz\u0131r Materyaller<\/h4>\t\t\t\t<\/div>\n\t\t\t\t<\/div>\n\t\t\t\t<div class=\"elementor-element elementor-element-f663cbe elementor-widget elementor-widget-text-editor\" data-id=\"f663cbe\" data-element_type=\"widget\" data-e-type=\"widget\" data-widget_type=\"text-editor.default\">\n\t\t\t\t<div class=\"elementor-widget-container\">\n\t\t\t\t\t\t\t\t\t<p>Bas\u0131n mensuplar\u0131 i\u00e7in logomuz a\u015fa\u011f\u0131da eklenmi\u015ftir. Di\u011fer kurumsal g\u00f6rsellerimiz ve fuar b\u00fcltenlerimiz haz\u0131rl\u0131k a\u015famas\u0131ndad\u0131r. Bu materyallerin yay\u0131nland\u0131\u011f\u0131 anda <a class=\"\" href=\"#\" rel=\"noopener\" data-start=\"1018\" data-end=\"1033\">Bas\u0131n Kiti<\/a> ba\u011flant\u0131s\u0131 aktif olacakt\u0131r. Bu ba\u011flant\u0131dan t\u00fcm materyallere eri\u015febilirsiniz.<\/p>\t\t\t\t\t\t\t\t<\/div>\n\t\t\t\t<\/div>\n\t\t\t\t<div class=\"elementor-element elementor-element-6467bcb elementor-widget elementor-widget-image\" data-id=\"6467bcb\" data-element_type=\"widget\" data-e-type=\"widget\" data-widget_type=\"image.default\">\n\t\t\t\t<div class=\"elementor-widget-container\">\n\t\t\t\t\t\t\t\t\t\t\t\t<figure class=\"wp-caption\">\n\t\t\t\t\t\t\t\t\t\t<img decoding=\"async\" width=\"300\" height=\"84\" src=\"https:\/\/fuarix.com\/wp-content\/uploads\/2025\/07\/Fuarix_Logo_duz21-300x84.png\" class=\"attachment-medium size-medium wp-image-19\" alt=\"\" srcset=\"https:\/\/fuarix.com\/wp-content\/uploads\/2025\/07\/Fuarix_Logo_duz21-300x84.png 300w, https:\/\/fuarix.com\/wp-content\/uploads\/2025\/07\/Fuarix_Logo_duz21-150x42.png 150w, https:\/\/fuarix.com\/wp-content\/uploads\/2025\/07\/Fuarix_Logo_duz21.png 388w\" sizes=\"(max-width: 300px) 100vw, 300px\" \/>\t\t\t\t\t\t\t\t\t\t\t<figcaption class=\"widget-image-caption wp-caption-text\">Bas\u0131nda Biz sayfam\u0131z i\u00e7in Fuarix logosu - Bas\u0131n kiti i\u00e7in kullan\u0131labilir kurumsal g\u00f6rsel<\/figcaption>\n\t\t\t\t\t\t\t\t\t\t<\/figure>\n\t\t\t\t\t\t\t\t\t<\/div>\n\t\t\t\t<\/div>\n\t\t\t\t\t<\/div>\n\t\t\t\t<\/div>\n\t\t\t\t<\/div>","protected":false},"excerpt":{"rendered":"<p>Fuarix BASINDA Medyada Yer Almaya Haz\u0131rlan\u0131yoruz Fuarix olarak sekt\u00f6r\u00fcm\u00fczde ses getirecek projeler geli\u015ftiriyoruz. Her biri dikkatle planlanan fuarlar\u0131m\u0131z ve stratejik ortakl\u0131klar\u0131m\u0131z sayesinde medya kurulu\u015flar\u0131n\u0131n ilgisini \u00e7ekmeye ba\u015flad\u0131k. Yak\u0131n gelecekte ulusal ve yerel bas\u0131nda yer alacak haberlerimizi burada sizlerle payla\u015faca\u011f\u0131z. Bas\u0131nda Biz de Yerimizi Al\u0131yoruz! Fuarix olarak fuarc\u0131l\u0131k sekt\u00f6r\u00fcndeki tecr\u00fcbemizi ve yenilik\u00e7i yakla\u015f\u0131m\u0131m\u0131z\u0131 her ge\u00e7en g\u00fcn [&hellip;]<\/p>\n","protected":false},"author":3,"featured_media":0,"parent":0,"menu_order":0,"comment_status":"closed","ping_status":"closed","template":"","meta":{"site-sidebar-layout":"default","site-content-layout":"","ast-site-content-layout":"default","site-content-style":"default","site-sidebar-style":"default","ast-global-header-display":"","ast-banner-title-visibility":"","ast-main-header-display":"","ast-hfb-above-header-display":"","ast-hfb-below-header-display":"","ast-hfb-mobile-header-display":"","site-post-title":"","ast-breadcrumbs-content":"","ast-featured-img":"","footer-sml-layout":"","ast-disable-related-posts":"","theme-transparent-header-meta":"","adv-header-id-meta":"","stick-header-meta":"","header-above-stick-meta":"","header-main-stick-meta":"","header-below-stick-meta":"","astra-migrate-meta-layouts":"set","ast-page-background-enabled":"default","ast-page-background-meta":{"desktop":{"background-color":"","background-image":"","background-repeat":"repeat","background-position":"center center","background-size":"auto","background-attachment":"scroll","background-type":"","background-media":"","overlay-type":"","overlay-color":"","overlay-opacity":"","overlay-gradient":""},"tablet":{"background-color":"","background-image":"","background-repeat":"repeat","background-position":"center center","background-size":"auto","background-attachment":"scroll","background-type":"","background-media":"","overlay-type":"","overlay-color":"","overlay-opacity":"","overlay-gradient":""},"mobile":{"background-color":"","background-image":"","background-repeat":"repeat","background-position":"center center","background-size":"auto","background-attachment":"scroll","background-type":"","background-media":"","overlay-type":"","overlay-color":"","overlay-opacity":"","overlay-gradient":""}},"ast-content-background-meta":{"desktop":{"background-color":"var(--ast-global-color-5)","background-image":"","background-repeat":"repeat","background-position":"center center","background-size":"auto","background-attachment":"scroll","background-type":"","background-media":"","overlay-type":"","overlay-color":"","overlay-opacity":"","overlay-gradient":""},"tablet":{"background-color":"var(--ast-global-color-5)","background-image":"","background-repeat":"repeat","background-position":"center center","background-size":"auto","background-attachment":"scroll","background-type":"","background-media":"","overlay-type":"","overlay-color":"","overlay-opacity":"","overlay-gradient":""},"mobile":{"background-color":"var(--ast-global-color-5)","background-image":"","background-repeat":"repeat","background-position":"center center","background-size":"auto","background-attachment":"scroll","background-type":"","background-media":"","overlay-type":"","overlay-color":"","overlay-opacity":"","overlay-gradient":""}},"footnotes":""},"class_list":["post-1394","page","type-page","status-publish","hentry"],"_links":{"self":[{"href":"https:\/\/fuarix.com\/en\/wp-json\/wp\/v2\/pages\/1394","targetHints":{"allow":["GET"]}}],"collection":[{"href":"https:\/\/fuarix.com\/en\/wp-json\/wp\/v2\/pages"}],"about":[{"href":"https:\/\/fuarix.com\/en\/wp-json\/wp\/v2\/types\/page"}],"author":[{"embeddable":true,"href":"https:\/\/fuarix.com\/en\/wp-json\/wp\/v2\/users\/3"}],"replies":[{"embeddable":true,"href":"https:\/\/fuarix.com\/en\/wp-json\/wp\/v2\/comments?post=1394"}],"version-history":[{"count":40,"href":"https:\/\/fuarix.com\/en\/wp-json\/wp\/v2\/pages\/1394\/revisions"}],"predecessor-version":[{"id":2299,"href":"https:\/\/fuarix.com\/en\/wp-json\/wp\/v2\/pages\/1394\/revisions\/2299"}],"wp:attachment":[{"href":"https:\/\/fuarix.com\/en\/wp-json\/wp\/v2\/media?parent=1394"}],"curies":[{"name":"wp","href":"https:\/\/api.w.org\/{rel}","templated":true}]}}