{"id":1469,"date":"2025-07-14T20:40:16","date_gmt":"2025-07-14T20:40:16","guid":{"rendered":"https:\/\/fuarix.com\/?page_id=1469"},"modified":"2025-11-21T12:12:32","modified_gmt":"2025-11-21T09:12:32","slug":"yurt-disi-fuarlar","status":"publish","type":"page","link":"https:\/\/fuarix.com\/en\/yurt-disi-fuarlar\/","title":{"rendered":"International Fairs"},"content":{"rendered":"<div data-elementor-type=\"wp-page\" data-elementor-id=\"1469\" class=\"elementor elementor-1469\">\n\t\t\t\t<div class=\"elementor-element elementor-element-c8f1513 e-flex e-con-boxed e-con e-parent\" data-id=\"c8f1513\" data-element_type=\"container\" data-e-type=\"container\" data-settings=\"{&quot;background_background&quot;:&quot;classic&quot;}\">\n\t\t\t\t\t<div class=\"e-con-inner\">\n\t\t<div class=\"elementor-element elementor-element-e238a3f e-con-full e-flex e-con e-child\" data-id=\"e238a3f\" data-element_type=\"container\" data-e-type=\"container\">\n\t\t\t\t<div class=\"elementor-element elementor-element-024ca05 elementor-widget elementor-widget-heading\" data-id=\"024ca05\" data-element_type=\"widget\" data-e-type=\"widget\" data-widget_type=\"heading.default\">\n\t\t\t\t<div class=\"elementor-widget-container\">\n\t\t\t\t\t<h1 class=\"elementor-heading-title elementor-size-default\">International Fairs<\/h1>\t\t\t\t<\/div>\n\t\t\t\t<\/div>\n\t\t\t\t<div class=\"elementor-element elementor-element-66f6130 elementor-widget-divider--view-line elementor-widget elementor-widget-divider\" data-id=\"66f6130\" data-element_type=\"widget\" data-e-type=\"widget\" data-widget_type=\"divider.default\">\n\t\t\t\t<div class=\"elementor-widget-container\">\n\t\t\t\t\t\t\t<div class=\"elementor-divider\">\n\t\t\t<span class=\"elementor-divider-separator\">\n\t\t\t\t\t\t<\/span>\n\t\t<\/div>\n\t\t\t\t\t\t<\/div>\n\t\t\t\t<\/div>\n\t\t\t\t<\/div>\n\t\t\t\t\t<\/div>\n\t\t\t\t<\/div>\n\t\t<div class=\"elementor-element elementor-element-104b0e7 e-flex e-con-boxed e-con e-parent\" data-id=\"104b0e7\" data-element_type=\"container\" data-e-type=\"container\" data-settings=\"{&quot;background_background&quot;:&quot;classic&quot;}\">\n\t\t\t\t\t<div class=\"e-con-inner\">\n\t\t<div class=\"elementor-element elementor-element-800b9ab e-grid e-con-full e-con e-child\" data-id=\"800b9ab\" data-element_type=\"container\" data-e-type=\"container\">\n\t\t\t\t<div class=\"elementor-element elementor-element-fb4e268 elementor-widget elementor-widget-image\" data-id=\"fb4e268\" data-element_type=\"widget\" data-e-type=\"widget\" data-widget_type=\"image.default\">\n\t\t\t\t<div class=\"elementor-widget-container\">\n\t\t\t\t\t\t\t\t\t\t\t\t\t\t\t<img decoding=\"async\" width=\"300\" height=\"104\" src=\"https:\/\/fuarix.com\/wp-content\/uploads\/2025\/09\/logoFullDark-300x104.png\" class=\"elementor-animation-sink attachment-medium size-medium wp-image-2516\" alt=\"\" srcset=\"https:\/\/fuarix.com\/wp-content\/uploads\/2025\/09\/logoFullDark-300x104.png 300w, https:\/\/fuarix.com\/wp-content\/uploads\/2025\/09\/logoFullDark-18x6.png 18w, https:\/\/fuarix.com\/wp-content\/uploads\/2025\/09\/logoFullDark.png 575w\" sizes=\"(max-width: 300px) 100vw, 300px\" \/>\t\t\t\t\t\t\t\t\t\t\t\t\t\t\t<\/div>\n\t\t\t\t<\/div>\n\t\t<div class=\"elementor-element elementor-element-5338874 e-con-full e-flex e-con e-child\" data-id=\"5338874\" data-element_type=\"container\" data-e-type=\"container\">\n\t\t\t\t<div class=\"elementor-element elementor-element-6314c33 elementor-widget elementor-widget-text-editor\" data-id=\"6314c33\" data-element_type=\"widget\" data-e-type=\"widget\" data-widget_type=\"text-editor.default\">\n\t\t\t\t<div class=\"elementor-widget-container\">\n\t\t\t\t\t\t\t\t\t<h3 data-start=\"83\" data-end=\"105\">Pharmtech &amp; Ingredients<\/h3><p data-start=\"106\" data-end=\"145\"><strong>25 \u2013 28 November 2025 | Crocus Expo, Moskova, RUSYA<\/strong><\/p><div class=\"MuiGrid-root MuiGrid-item MuiGrid-grid-xs-12 MuiGrid-grid-lg-10 mui-lm57tu\"><h5 class=\"MuiTypography-root MuiTypography-body1 page-header-title mui-1vb6uk9\" style=\"text-align: left;\"><strong>T\u00fcrkiye&#8217;nin\u00a0Rusya&#8217;daki 40 Milyar Dolar Degerindeki \u0130la\u00e7 Pazar\u0131na A\u00e7\u0131lan Kap\u0131s\u0131<\/strong><\/h5><\/div><div class=\"MuiGrid-root MuiGrid-item MuiGrid-grid-xs-12 MuiGrid-grid-sm-12 MuiGrid-grid-md-6 MuiGrid-grid-lg-6 mui-zuw2mv\"><p class=\"MuiTypography-root MuiTypography-body1 mui-1imz90k\">T\u00fcrkiye\u2019nin ila\u00e7 m\u00fchendisli\u011fi, ambalaj ve \u00fcretim konusundaki g\u00fcc\u00fc, \u00fclkeyi Rusya i\u00e7in do\u011fal bir ticaret orta\u011f\u0131 haline getiriyor. Pharmtech &amp; Ingredients Fuari, onayl\u0131 Rus al\u0131c\u0131larla do\u011frudan ba\u011flant\u0131 kurarak ihracat\u0131n\u0131z\u0131 b\u00fcy\u00fctmeniz i\u00e7in ideal platformdur.\u00a0<\/p><p class=\"MuiTypography-root MuiTypography-body1 mui-1imz90k\">Pharmtech&amp;Ingredients Fuar\u0131 Ticaret Bakanl\u0131\u011f\u0131&#8217;nca desteklenen fuarlar kapsam\u0131nda olup m2 ye 23.649 TL ile y\u00fcksek tutarda geri \u00f6deme olabilmektedir.<\/p><\/div><p>Alan\u0131ndaki en \u00f6nemli fuarlardan olan Pharmtech &amp; Ingredients te yer almak ve detayl\u0131 bilgi almak i\u00e7in l\u00fctfen talep formu doldurunuz.<\/p>\t\t\t\t\t\t\t\t<\/div>\n\t\t\t\t<\/div>\n\t\t\t\t<div class=\"elementor-element elementor-element-ac8152d elementor-widget elementor-widget-button\" data-id=\"ac8152d\" data-element_type=\"widget\" data-e-type=\"widget\" data-widget_type=\"button.default\">\n\t\t\t\t<div class=\"elementor-widget-container\">\n\t\t\t\t\t\t\t\t\t<div class=\"elementor-button-wrapper\">\n\t\t\t\t\t<a class=\"elementor-button elementor-button-link elementor-size-sm\" href=\"https:\/\/fuarix.com\/en\/iletisim\/#genel_iletisim\">\n\t\t\t\t\t\t<span class=\"elementor-button-content-wrapper\">\n\t\t\t\t\t\t\t\t\t<span class=\"elementor-button-text\">Participation Request Form <\/span>\n\t\t\t\t\t<\/span>\n\t\t\t\t\t<\/a>\n\t\t\t\t<\/div>\n\t\t\t\t\t\t\t\t<\/div>\n\t\t\t\t<\/div>\n\t\t\t\t<\/div>\n\t\t\t\t<\/div>\n\t\t\t\t\t<\/div>\n\t\t\t\t<\/div>\n\t\t<div class=\"elementor-element elementor-element-bb691df e-flex e-con-boxed e-con e-parent\" data-id=\"bb691df\" data-element_type=\"container\" data-e-type=\"container\" data-settings=\"{&quot;background_background&quot;:&quot;classic&quot;}\">\n\t\t\t\t\t<div class=\"e-con-inner\">\n\t\t<div class=\"elementor-element elementor-element-56f53ef e-grid e-con-full e-con e-child\" data-id=\"56f53ef\" data-element_type=\"container\" data-e-type=\"container\">\n\t\t\t\t<div class=\"elementor-element elementor-element-5961576 elementor-widget elementor-widget-image\" data-id=\"5961576\" data-element_type=\"widget\" data-e-type=\"widget\" data-widget_type=\"image.default\">\n\t\t\t\t<div class=\"elementor-widget-container\">\n\t\t\t\t\t\t\t\t\t\t\t\t\t\t\t<img fetchpriority=\"high\" decoding=\"async\" width=\"300\" height=\"300\" src=\"https:\/\/fuarix.com\/wp-content\/uploads\/2025\/07\/Cok_Yakinda_yurtdisi-300x300.jpg\" class=\"elementor-animation-sink attachment-medium size-medium wp-image-1943\" alt=\"\" srcset=\"https:\/\/fuarix.com\/wp-content\/uploads\/2025\/07\/Cok_Yakinda_yurtdisi-300x300.jpg 300w, https:\/\/fuarix.com\/wp-content\/uploads\/2025\/07\/Cok_Yakinda_yurtdisi-1024x1024.jpg 1024w, https:\/\/fuarix.com\/wp-content\/uploads\/2025\/07\/Cok_Yakinda_yurtdisi-150x150.jpg 150w, https:\/\/fuarix.com\/wp-content\/uploads\/2025\/07\/Cok_Yakinda_yurtdisi-768x768.jpg 768w, https:\/\/fuarix.com\/wp-content\/uploads\/2025\/07\/Cok_Yakinda_yurtdisi-1536x1536.jpg 1536w, https:\/\/fuarix.com\/wp-content\/uploads\/2025\/07\/Cok_Yakinda_yurtdisi.jpg 2048w\" sizes=\"(max-width: 300px) 100vw, 300px\" \/>\t\t\t\t\t\t\t\t\t\t\t\t\t\t\t<\/div>\n\t\t\t\t<\/div>\n\t\t<div class=\"elementor-element elementor-element-1994002 e-con-full e-flex e-con e-child\" data-id=\"1994002\" data-element_type=\"container\" data-e-type=\"container\">\n\t\t\t\t<div class=\"elementor-element elementor-element-935195a elementor-widget elementor-widget-text-editor\" data-id=\"935195a\" data-element_type=\"widget\" data-e-type=\"widget\" data-widget_type=\"text-editor.default\">\n\t\t\t\t<div class=\"elementor-widget-container\">\n\t\t\t\t\t\t\t\t\t<h3 data-start=\"98\" data-end=\"116\">Our International Expansion Begins!<\/h3><p data-start=\"117\" data-end=\"162\"><strong data-start=\"117\" data-end=\"160\">We are coming with our new international fairs.<\/strong><\/p><p data-start=\"164\" data-end=\"377\" class=\"translation-block\">The countdown has begun for brand new international fair projects that will bring together participants and visitors, adding value to the industries!<br data-start=\"297\" data-end=\"300\">New markets, new opportunities, and global partnerships will be with you very soon.<\/p><p data-start=\"379\" data-end=\"420\"><strong data-start=\"379\" data-end=\"420\">Takipte kal\u0131n, f\u0131rsatlar\u0131 ka\u00e7\u0131rmay\u0131n!<\/strong><\/p>\t\t\t\t\t\t\t\t<\/div>\n\t\t\t\t<\/div>\n\t\t\t\t<div class=\"elementor-element elementor-element-89ef669 elementor-widget elementor-widget-button\" data-id=\"89ef669\" data-element_type=\"widget\" data-e-type=\"widget\" data-widget_type=\"button.default\">\n\t\t\t\t<div class=\"elementor-widget-container\">\n\t\t\t\t\t\t\t\t\t<div class=\"elementor-button-wrapper\">\n\t\t\t\t\t<a class=\"elementor-button elementor-button-link elementor-size-sm\" href=\"https:\/\/fuarix.com\/en\/iletisim\/#genel_iletisim\">\n\t\t\t\t\t\t<span class=\"elementor-button-content-wrapper\">\n\t\t\t\t\t\t\t\t\t<span class=\"elementor-button-text\">Be the First to Know<\/span>\n\t\t\t\t\t<\/span>\n\t\t\t\t\t<\/a>\n\t\t\t\t<\/div>\n\t\t\t\t\t\t\t\t<\/div>\n\t\t\t\t<\/div>\n\t\t\t\t<\/div>\n\t\t\t\t<\/div>\n\t\t\t\t\t<\/div>\n\t\t\t\t<\/div>\n\t\t<div class=\"elementor-element elementor-element-1c35ef2 e-flex e-con-boxed e-con e-parent\" data-id=\"1c35ef2\" data-element_type=\"container\" data-e-type=\"container\" data-settings=\"{&quot;background_background&quot;:&quot;classic&quot;}\">\n\t\t\t\t\t<div class=\"e-con-inner\">\n\t\t<div class=\"elementor-element elementor-element-0bb71a9 e-grid e-con-full e-con e-child\" data-id=\"0bb71a9\" data-element_type=\"container\" data-e-type=\"container\">\n\t\t\t\t<div class=\"elementor-element elementor-element-fa7617d elementor-widget elementor-widget-image\" data-id=\"fa7617d\" data-element_type=\"widget\" data-e-type=\"widget\" data-widget_type=\"image.default\">\n\t\t\t\t<div class=\"elementor-widget-container\">\n\t\t\t\t\t\t\t\t\t\t\t\t\t\t\t<img fetchpriority=\"high\" decoding=\"async\" width=\"300\" height=\"300\" src=\"https:\/\/fuarix.com\/wp-content\/uploads\/2025\/07\/Cok_Yakinda_yurtdisi-300x300.jpg\" class=\"elementor-animation-sink attachment-medium size-medium wp-image-1943\" alt=\"\" srcset=\"https:\/\/fuarix.com\/wp-content\/uploads\/2025\/07\/Cok_Yakinda_yurtdisi-300x300.jpg 300w, https:\/\/fuarix.com\/wp-content\/uploads\/2025\/07\/Cok_Yakinda_yurtdisi-1024x1024.jpg 1024w, https:\/\/fuarix.com\/wp-content\/uploads\/2025\/07\/Cok_Yakinda_yurtdisi-150x150.jpg 150w, https:\/\/fuarix.com\/wp-content\/uploads\/2025\/07\/Cok_Yakinda_yurtdisi-768x768.jpg 768w, https:\/\/fuarix.com\/wp-content\/uploads\/2025\/07\/Cok_Yakinda_yurtdisi-1536x1536.jpg 1536w, https:\/\/fuarix.com\/wp-content\/uploads\/2025\/07\/Cok_Yakinda_yurtdisi.jpg 2048w\" sizes=\"(max-width: 300px) 100vw, 300px\" \/>\t\t\t\t\t\t\t\t\t\t\t\t\t\t\t<\/div>\n\t\t\t\t<\/div>\n\t\t<div class=\"elementor-element elementor-element-8be3f4f e-con-full e-flex e-con e-child\" data-id=\"8be3f4f\" data-element_type=\"container\" data-e-type=\"container\">\n\t\t\t\t<div class=\"elementor-element elementor-element-4b52bc7 elementor-widget elementor-widget-text-editor\" data-id=\"4b52bc7\" data-element_type=\"widget\" data-e-type=\"widget\" data-widget_type=\"text-editor.default\">\n\t\t\t\t<div class=\"elementor-widget-container\">\n\t\t\t\t\t\t\t\t\t<h3 data-start=\"98\" data-end=\"116\">Our International Expansion Begins!<\/h3><p data-start=\"117\" data-end=\"162\"><strong data-start=\"117\" data-end=\"160\">We are coming with our new international fairs.<\/strong><\/p><p data-start=\"164\" data-end=\"377\" class=\"translation-block\">The countdown has begun for brand new international fair projects that will bring together participants and visitors, adding value to the industries!<br data-start=\"297\" data-end=\"300\">New markets, new opportunities, and global partnerships will be with you very soon.<\/p><p data-start=\"379\" data-end=\"420\"><strong data-start=\"379\" data-end=\"420\">Takipte kal\u0131n, f\u0131rsatlar\u0131 ka\u00e7\u0131rmay\u0131n!<\/strong><\/p>\t\t\t\t\t\t\t\t<\/div>\n\t\t\t\t<\/div>\n\t\t\t\t<div class=\"elementor-element elementor-element-7894ab7 elementor-widget elementor-widget-button\" data-id=\"7894ab7\" data-element_type=\"widget\" data-e-type=\"widget\" data-widget_type=\"button.default\">\n\t\t\t\t<div class=\"elementor-widget-container\">\n\t\t\t\t\t\t\t\t\t<div class=\"elementor-button-wrapper\">\n\t\t\t\t\t<a class=\"elementor-button elementor-button-link elementor-size-sm\" href=\"https:\/\/fuarix.com\/en\/iletisim\/#genel_iletisim\">\n\t\t\t\t\t\t<span class=\"elementor-button-content-wrapper\">\n\t\t\t\t\t\t\t\t\t<span class=\"elementor-button-text\">Be the First to Know<\/span>\n\t\t\t\t\t<\/span>\n\t\t\t\t\t<\/a>\n\t\t\t\t<\/div>\n\t\t\t\t\t\t\t\t<\/div>\n\t\t\t\t<\/div>\n\t\t\t\t<\/div>\n\t\t\t\t<\/div>\n\t\t\t\t\t<\/div>\n\t\t\t\t<\/div>\n\t\t<div class=\"elementor-element elementor-element-612b94a e-flex e-con-boxed e-con e-parent\" data-id=\"612b94a\" data-element_type=\"container\" data-e-type=\"container\" data-settings=\"{&quot;background_background&quot;:&quot;classic&quot;}\">\n\t\t\t\t\t<div class=\"e-con-inner\">\n\t\t<div class=\"elementor-element elementor-element-0d15ea1 e-con-full e-flex e-con e-child\" data-id=\"0d15ea1\" data-element_type=\"container\" data-e-type=\"container\">\n\t\t\t\t<div class=\"elementor-element elementor-element-2a8ed68 elementor-widget elementor-widget-heading\" data-id=\"2a8ed68\" data-element_type=\"widget\" data-e-type=\"widget\" data-widget_type=\"heading.default\">\n\t\t\t\t<div class=\"elementor-widget-container\">\n\t\t\t\t\t<h6 class=\"elementor-heading-title elementor-size-default\">Reserve Your Spot, Don\u2019t Miss Out!<\/h6>\t\t\t\t<\/div>\n\t\t\t\t<\/div>\n\t\t\t\t<div class=\"elementor-element elementor-element-00d2124 elementor-widget elementor-widget-heading\" data-id=\"00d2124\" data-element_type=\"widget\" data-e-type=\"widget\" data-widget_type=\"heading.default\">\n\t\t\t\t<div class=\"elementor-widget-container\">\n\t\t\t\t\t<h2 class=\"elementor-heading-title elementor-size-default\">Apply now to participate or get detailed information.<\/h2>\t\t\t\t<\/div>\n\t\t\t\t<\/div>\n\t\t\t\t<div class=\"elementor-element elementor-element-d7df4bf elementor-widget elementor-widget-text-editor\" data-id=\"d7df4bf\" data-element_type=\"widget\" data-e-type=\"widget\" data-widget_type=\"text-editor.default\">\n\t\t\t\t<div class=\"elementor-widget-container\">\n\t\t\t\t\t\t\t\t\t<p><span style=\"color: #ffffff;\">Just fill out the form so we can contact you.<\/span><\/p>\t\t\t\t\t\t\t\t<\/div>\n\t\t\t\t<\/div>\n\t\t\t\t<div class=\"elementor-element elementor-element-30677dc elementor-align-center elementor-widget elementor-widget-button\" data-id=\"30677dc\" data-element_type=\"widget\" data-e-type=\"widget\" data-widget_type=\"button.default\">\n\t\t\t\t<div class=\"elementor-widget-container\">\n\t\t\t\t\t\t\t\t\t<div class=\"elementor-button-wrapper\">\n\t\t\t\t\t<a class=\"elementor-button elementor-button-link elementor-size-sm\" href=\"\/en\/iletisim\/\">\n\t\t\t\t\t\t<span class=\"elementor-button-content-wrapper\">\n\t\t\t\t\t\t\t\t\t<span class=\"elementor-button-text\">Become an Exhibitor<\/span>\n\t\t\t\t\t<\/span>\n\t\t\t\t\t<\/a>\n\t\t\t\t<\/div>\n\t\t\t\t\t\t\t\t<\/div>\n\t\t\t\t<\/div>\n\t\t\t\t<\/div>\n\t\t\t\t\t<\/div>\n\t\t\t\t<\/div>\n\t\t\t\t<\/div>","protected":false},"excerpt":{"rendered":"<p>Yurt D\u0131\u015f\u0131 Fuarlar Pharmtech &amp; Ingredients 25 \u2013 28 November 2025 | Crocus Expo, Moskova, RUSYA T\u00fcrkiye&#8217;nin\u00a0Rusya&#8217;daki 40 Milyar Dolar Degerindeki \u0130la\u00e7 Pazar\u0131na A\u00e7\u0131lan Kap\u0131s\u0131 T\u00fcrkiye\u2019nin ila\u00e7 m\u00fchendisli\u011fi, ambalaj ve \u00fcretim konusundaki g\u00fcc\u00fc, \u00fclkeyi Rusya i\u00e7in do\u011fal bir ticaret orta\u011f\u0131 haline getiriyor. Pharmtech &amp; Ingredients Fuari, onayl\u0131 Rus al\u0131c\u0131larla do\u011frudan ba\u011flant\u0131 kurarak ihracat\u0131n\u0131z\u0131 b\u00fcy\u00fctmeniz i\u00e7in [&hellip;]<\/p>\n","protected":false},"author":3,"featured_media":0,"parent":0,"menu_order":0,"comment_status":"closed","ping_status":"closed","template":"","meta":{"site-sidebar-layout":"no-sidebar","site-content-layout":"page-builder","ast-site-content-layout":"full-width-container","site-content-style":"unboxed","site-sidebar-style":"unboxed","ast-global-header-display":"","ast-banner-title-visibility":"","ast-main-header-display":"","ast-hfb-above-header-display":"","ast-hfb-below-header-display":"","ast-hfb-mobile-header-display":"","site-post-title":"disabled","ast-breadcrumbs-content":"disabled","ast-featured-img":"disabled","footer-sml-layout":"","ast-disable-related-posts":"","theme-transparent-header-meta":"enabled","adv-header-id-meta":"","stick-header-meta":"","header-above-stick-meta":"","header-main-stick-meta":"","header-below-stick-meta":"","astra-migrate-meta-layouts":"set","ast-page-background-enabled":"default","ast-page-background-meta":{"desktop":{"background-color":"","background-image":"","background-repeat":"repeat","background-position":"center center","background-size":"auto","background-attachment":"scroll","background-type":"","background-media":"","overlay-type":"","overlay-color":"","overlay-opacity":"","overlay-gradient":""},"tablet":{"background-color":"","background-image":"","background-repeat":"repeat","background-position":"center center","background-size":"auto","background-attachment":"scroll","background-type":"","background-media":"","overlay-type":"","overlay-color":"","overlay-opacity":"","overlay-gradient":""},"mobile":{"background-color":"","background-image":"","background-repeat":"repeat","background-position":"center center","background-size":"auto","background-attachment":"scroll","background-type":"","background-media":"","overlay-type":"","overlay-color":"","overlay-opacity":"","overlay-gradient":""}},"ast-content-background-meta":{"desktop":{"background-color":"var(--ast-global-color-5)","background-image":"","background-repeat":"repeat","background-position":"center center","background-size":"auto","background-attachment":"scroll","background-type":"","background-media":"","overlay-type":"","overlay-color":"","overlay-opacity":"","overlay-gradient":""},"tablet":{"background-color":"var(--ast-global-color-5)","background-image":"","background-repeat":"repeat","background-position":"center center","background-size":"auto","background-attachment":"scroll","background-type":"","background-media":"","overlay-type":"","overlay-color":"","overlay-opacity":"","overlay-gradient":""},"mobile":{"background-color":"var(--ast-global-color-5)","background-image":"","background-repeat":"repeat","background-position":"center center","background-size":"auto","background-attachment":"scroll","background-type":"","background-media":"","overlay-type":"","overlay-color":"","overlay-opacity":"","overlay-gradient":""}},"footnotes":""},"class_list":["post-1469","page","type-page","status-publish","hentry"],"_links":{"self":[{"href":"https:\/\/fuarix.com\/en\/wp-json\/wp\/v2\/pages\/1469","targetHints":{"allow":["GET"]}}],"collection":[{"href":"https:\/\/fuarix.com\/en\/wp-json\/wp\/v2\/pages"}],"about":[{"href":"https:\/\/fuarix.com\/en\/wp-json\/wp\/v2\/types\/page"}],"author":[{"embeddable":true,"href":"https:\/\/fuarix.com\/en\/wp-json\/wp\/v2\/users\/3"}],"replies":[{"embeddable":true,"href":"https:\/\/fuarix.com\/en\/wp-json\/wp\/v2\/comments?post=1469"}],"version-history":[{"count":115,"href":"https:\/\/fuarix.com\/en\/wp-json\/wp\/v2\/pages\/1469\/revisions"}],"predecessor-version":[{"id":2699,"href":"https:\/\/fuarix.com\/en\/wp-json\/wp\/v2\/pages\/1469\/revisions\/2699"}],"wp:attachment":[{"href":"https:\/\/fuarix.com\/en\/wp-json\/wp\/v2\/media?parent=1469"}],"curies":[{"name":"wp","href":"https:\/\/api.w.org\/{rel}","templated":true}]}}