{"id":2,"date":"2025-07-08T16:47:01","date_gmt":"2025-07-08T16:47:01","guid":{"rendered":"https:\/\/fuarix.com\/?page_id=2"},"modified":"2025-08-02T08:25:20","modified_gmt":"2025-08-02T08:25:20","slug":"sss-fuarix","status":"publish","type":"page","link":"https:\/\/fuarix.com\/en\/sss-fuarix\/","title":{"rendered":"Frequently Asked Questions (FAQ)"},"content":{"rendered":"<div data-elementor-type=\"wp-page\" data-elementor-id=\"2\" class=\"elementor elementor-2\">\n\t\t\t\t<div class=\"elementor-element elementor-element-2c095aa e-flex e-con-boxed e-con e-parent\" data-id=\"2c095aa\" data-element_type=\"container\" data-e-type=\"container\">\n\t\t\t\t\t<div class=\"e-con-inner\">\n\t\t\t\t<div class=\"elementor-element elementor-element-54f7ab7 elementor-widget elementor-widget-text-editor\" data-id=\"54f7ab7\" data-element_type=\"widget\" data-e-type=\"widget\" data-widget_type=\"text-editor.default\">\n\t\t\t\t<div class=\"elementor-widget-container\">\n\t\t\t\t\t\t\t\t\t<p>Fuarix olarak d\u00fczenledi\u011fimiz fuarlar, sekt\u00f6r ihtiya\u00e7lar\u0131na \u00f6zel olarak tasarlanm\u0131\u015f profesyonel i\u015f platformlar\u0131d\u0131r. Kat\u0131l\u0131mc\u0131, ziyaret\u00e7i veya i\u015f orta\u011f\u0131 olmak isteyen herkesin akl\u0131nda baz\u0131 sorular olabilir. A\u015fa\u011f\u0131da en s\u0131k kar\u015f\u0131la\u015ft\u0131\u011f\u0131m\u0131z sorular\u0131 ve yan\u0131tlar\u0131n\u0131 sizin i\u00e7in derledik. Akl\u0131n\u0131za tak\u0131lan ba\u015fka bir konu olursa bizimle do\u011frudan ileti\u015fime ge\u00e7ebilirsiniz.<\/p>\t\t\t\t\t\t\t\t<\/div>\n\t\t\t\t<\/div>\n\t\t\t\t<div class=\"elementor-element elementor-element-a4a113d elementor-widget elementor-widget-n-accordion\" data-id=\"a4a113d\" data-element_type=\"widget\" data-e-type=\"widget\" data-settings=\"{&quot;default_state&quot;:&quot;expanded&quot;,&quot;max_items_expended&quot;:&quot;one&quot;,&quot;n_accordion_animation_duration&quot;:{&quot;unit&quot;:&quot;ms&quot;,&quot;size&quot;:400,&quot;sizes&quot;:[]}}\" data-widget_type=\"nested-accordion.default\">\n\t\t\t\t<div class=\"elementor-widget-container\">\n\t\t\t\t\t\t\t<div class=\"e-n-accordion\" aria-label=\"Accordion. Open links with Enter or Space, close with Escape, and navigate with Arrow Keys\">\n\t\t\t\t\t\t<details id=\"e-n-accordion-item-1720\" class=\"e-n-accordion-item\" open>\n\t\t\t\t<summary class=\"e-n-accordion-item-title\" data-accordion-index=\"1\" tabindex=\"0\" aria-expanded=\"true\" aria-controls=\"e-n-accordion-item-1720\" >\n\t\t\t\t\t<span class='e-n-accordion-item-title-header'><div class=\"e-n-accordion-item-title-text\"> Fuarix hangi alanlarda fuarlar d\u00fczenliyor? <\/div><\/span>\n\t\t\t\t\t\t\t<span class='e-n-accordion-item-title-icon'>\n\t\t\t<span class='e-opened' ><i aria-hidden=\"true\" class=\"fas fa-minus\"><\/i><\/span>\n\t\t\t<span class='e-closed'><i aria-hidden=\"true\" class=\"fas fa-plus\"><\/i><\/span>\n\t\t<\/span>\n\n\t\t\t\t\t\t<\/summary>\n\t\t\t\t<div role=\"region\" aria-labelledby=\"e-n-accordion-item-1720\" class=\"elementor-element elementor-element-556a953 e-con-full e-flex e-con e-child\" data-id=\"556a953\" data-element_type=\"container\" data-e-type=\"container\">\n\t\t<div role=\"region\" aria-labelledby=\"e-n-accordion-item-1720\" class=\"elementor-element elementor-element-c77bd05 e-flex e-con-boxed e-con e-child\" data-id=\"c77bd05\" data-element_type=\"container\" data-e-type=\"container\">\n\t\t\t\t\t<div class=\"e-con-inner\">\n\t\t\t\t<div class=\"elementor-element elementor-element-b3a759b elementor-widget elementor-widget-text-editor\" data-id=\"b3a759b\" data-element_type=\"widget\" data-e-type=\"widget\" data-widget_type=\"text-editor.default\">\n\t\t\t\t<div class=\"elementor-widget-container\">\n\t\t\t\t\t\t\t\t\t<p>Fuarix, Konya merkezli olarak in\u015faat, otomotiv, enerji, e\u011fitim, g\u0131da ve moda gibi stratejik sekt\u00f6rlerde ihtisas fuarlar\u0131 d\u00fczenlemektedir. Sekt\u00f6rel ihtiya\u00e7lara g\u00f6re \u00f6zel fuar projeleri de geli\u015ftiriyoruz.<\/p>\t\t\t\t\t\t\t\t<\/div>\n\t\t\t\t<\/div>\n\t\t\t\t\t<\/div>\n\t\t\t\t<\/div>\n\t\t\t\t<\/div>\n\t\t\t\t\t<\/details>\n\t\t\t\t\t\t<details id=\"e-n-accordion-item-1721\" class=\"e-n-accordion-item\" >\n\t\t\t\t<summary class=\"e-n-accordion-item-title\" data-accordion-index=\"2\" tabindex=\"-1\" aria-expanded=\"false\" aria-controls=\"e-n-accordion-item-1721\" >\n\t\t\t\t\t<span class='e-n-accordion-item-title-header'><div class=\"e-n-accordion-item-title-text\"> Fuar kat\u0131l\u0131mc\u0131s\u0131 olmak i\u00e7in ne yapmal\u0131y\u0131m? <\/div><\/span>\n\t\t\t\t\t\t\t<span class='e-n-accordion-item-title-icon'>\n\t\t\t<span class='e-opened' ><i aria-hidden=\"true\" class=\"fas fa-minus\"><\/i><\/span>\n\t\t\t<span class='e-closed'><i aria-hidden=\"true\" class=\"fas fa-plus\"><\/i><\/span>\n\t\t<\/span>\n\n\t\t\t\t\t\t<\/summary>\n\t\t\t\t<div role=\"region\" aria-labelledby=\"e-n-accordion-item-1721\" class=\"elementor-element elementor-element-de400e5 e-con-full e-flex e-con e-child\" data-id=\"de400e5\" data-element_type=\"container\" data-e-type=\"container\">\n\t\t\t\t<div class=\"elementor-element elementor-element-d04d496 elementor-widget elementor-widget-text-editor\" data-id=\"d04d496\" data-element_type=\"widget\" data-e-type=\"widget\" data-widget_type=\"text-editor.default\">\n\t\t\t\t<div class=\"elementor-widget-container\">\n\t\t\t\t\t\t\t\t\t<p>Kat\u0131l\u0131mc\u0131 olmak istedi\u011finiz fuar\u0131n sayfas\u0131ndaki formu yada web sitemiz \u00fczerindeki genel ileti\u015fim formunu doldurarak veya bizimle ileti\u015fime ge\u00e7erek detayl\u0131 teklif ve stand se\u00e7enekleri hakk\u0131nda bilgi alabilirsiniz.<\/p>\t\t\t\t\t\t\t\t<\/div>\n\t\t\t\t<\/div>\n\t\t\t\t<\/div>\n\t\t\t\t\t<\/details>\n\t\t\t\t\t\t<details id=\"e-n-accordion-item-1722\" class=\"e-n-accordion-item\" >\n\t\t\t\t<summary class=\"e-n-accordion-item-title\" data-accordion-index=\"3\" tabindex=\"-1\" aria-expanded=\"false\" aria-controls=\"e-n-accordion-item-1722\" >\n\t\t\t\t\t<span class='e-n-accordion-item-title-header'><div class=\"e-n-accordion-item-title-text\"> Ziyaret\u00e7i olarak fuarlara nas\u0131l kat\u0131labilirim? <\/div><\/span>\n\t\t\t\t\t\t\t<span class='e-n-accordion-item-title-icon'>\n\t\t\t<span class='e-opened' ><i aria-hidden=\"true\" class=\"fas fa-minus\"><\/i><\/span>\n\t\t\t<span class='e-closed'><i aria-hidden=\"true\" class=\"fas fa-plus\"><\/i><\/span>\n\t\t<\/span>\n\n\t\t\t\t\t\t<\/summary>\n\t\t\t\t<div role=\"region\" aria-labelledby=\"e-n-accordion-item-1722\" class=\"elementor-element elementor-element-1d3c012 e-con-full e-flex e-con e-child\" data-id=\"1d3c012\" data-element_type=\"container\" data-e-type=\"container\">\n\t\t<div role=\"region\" aria-labelledby=\"e-n-accordion-item-1722\" class=\"elementor-element elementor-element-189f134 e-flex e-con-boxed e-con e-child\" data-id=\"189f134\" data-element_type=\"container\" data-e-type=\"container\">\n\t\t\t\t\t<div class=\"e-con-inner\">\n\t\t\t\t<div class=\"elementor-element elementor-element-b30f14e elementor-widget elementor-widget-text-editor\" data-id=\"b30f14e\" data-element_type=\"widget\" data-e-type=\"widget\" data-widget_type=\"text-editor.default\">\n\t\t\t\t<div class=\"elementor-widget-container\">\n\t\t\t\t\t\t\t\t\t<p>Fuarlar\u0131m\u0131z halka a\u00e7\u0131k olarak d\u00fczenlenmektedir. Online kay\u0131t formunu doldurarak fuar alan\u0131na \u00fccretsiz giri\u015f sa\u011flayabilirsiniz. Baz\u0131 fuarlar \u00f6n kay\u0131t gerektirebilir. fuarlar\u0131m\u0131z\u0131n online kay\u0131t formlar\u0131na ilgili fuarlar\u0131n sayfalar\u0131na t\u0131klayarak ula\u015fabilirsiniz<\/p>\t\t\t\t\t\t\t\t<\/div>\n\t\t\t\t<\/div>\n\t\t\t\t\t<\/div>\n\t\t\t\t<\/div>\n\t\t\t\t<\/div>\n\t\t\t\t\t<\/details>\n\t\t\t\t\t\t<details id=\"e-n-accordion-item-1723\" class=\"e-n-accordion-item\" >\n\t\t\t\t<summary class=\"e-n-accordion-item-title\" data-accordion-index=\"4\" tabindex=\"-1\" aria-expanded=\"false\" aria-controls=\"e-n-accordion-item-1723\" >\n\t\t\t\t\t<span class='e-n-accordion-item-title-header'><div class=\"e-n-accordion-item-title-text\"> Fuarix\u2019in d\u00fczenledi\u011fi fuarlar nerelerde ger\u00e7ekle\u015fiyor? <\/div><\/span>\n\t\t\t\t\t\t\t<span class='e-n-accordion-item-title-icon'>\n\t\t\t<span class='e-opened' ><i aria-hidden=\"true\" class=\"fas fa-minus\"><\/i><\/span>\n\t\t\t<span class='e-closed'><i aria-hidden=\"true\" class=\"fas fa-plus\"><\/i><\/span>\n\t\t<\/span>\n\n\t\t\t\t\t\t<\/summary>\n\t\t\t\t<div role=\"region\" aria-labelledby=\"e-n-accordion-item-1723\" class=\"elementor-element elementor-element-74ba83f e-flex e-con-boxed e-con e-child\" data-id=\"74ba83f\" data-element_type=\"container\" data-e-type=\"container\">\n\t\t\t\t\t<div class=\"e-con-inner\">\n\t\t\t\t<div class=\"elementor-element elementor-element-7b7db23 elementor-widget elementor-widget-text-editor\" data-id=\"7b7db23\" data-element_type=\"widget\" data-e-type=\"widget\" data-widget_type=\"text-editor.default\">\n\t\t\t\t<div class=\"elementor-widget-container\">\n\t\t\t\t\t\t\t\t\t<p>\u015eu anda fuarlar\u0131m\u0131z\u0131n tamam\u0131 Konya\u2019da d\u00fczenlenmektedir. Ancak ilerleyen d\u00f6nemlerde T\u00fcrkiye\u2019nin farkl\u0131 b\u00f6lgelerinde de etkinlikler planlanmaktad\u0131r.<\/p>\t\t\t\t\t\t\t\t<\/div>\n\t\t\t\t<\/div>\n\t\t\t\t\t<\/div>\n\t\t\t\t<\/div>\n\t\t\t\t\t<\/details>\n\t\t\t\t\t\t<details id=\"e-n-accordion-item-1724\" class=\"e-n-accordion-item\" >\n\t\t\t\t<summary class=\"e-n-accordion-item-title\" data-accordion-index=\"5\" tabindex=\"-1\" aria-expanded=\"false\" aria-controls=\"e-n-accordion-item-1724\" >\n\t\t\t\t\t<span class='e-n-accordion-item-title-header'><div class=\"e-n-accordion-item-title-text\"> Fuar projeleriniz hakk\u0131nda g\u00fcncel bilgileri nereden alabilirim? <\/div><\/span>\n\t\t\t\t\t\t\t<span class='e-n-accordion-item-title-icon'>\n\t\t\t<span class='e-opened' ><i aria-hidden=\"true\" class=\"fas fa-minus\"><\/i><\/span>\n\t\t\t<span class='e-closed'><i aria-hidden=\"true\" class=\"fas fa-plus\"><\/i><\/span>\n\t\t<\/span>\n\n\t\t\t\t\t\t<\/summary>\n\t\t\t\t<div role=\"region\" aria-labelledby=\"e-n-accordion-item-1724\" class=\"elementor-element elementor-element-88b016f e-flex e-con-boxed e-con e-child\" data-id=\"88b016f\" data-element_type=\"container\" data-e-type=\"container\">\n\t\t\t\t\t<div class=\"e-con-inner\">\n\t\t\t\t<div class=\"elementor-element elementor-element-eb618a8 elementor-widget elementor-widget-text-editor\" data-id=\"eb618a8\" data-element_type=\"widget\" data-e-type=\"widget\" data-widget_type=\"text-editor.default\">\n\t\t\t\t<div class=\"elementor-widget-container\">\n\t\t\t\t\t\t\t\t\t<p>T\u00fcm g\u00fcncel bilgiler, fuar takvimi ve proje detaylar\u0131 i\u00e7in web sitemizi ve sosyal medya hesaplar\u0131m\u0131z\u0131 takip edebilirsiniz. Ayr\u0131ca b\u00fcltenimize abone olarak da geli\u015fmelerden haberdar olabilirsiniz.<\/p>\t\t\t\t\t\t\t\t<\/div>\n\t\t\t\t<\/div>\n\t\t\t\t\t<\/div>\n\t\t\t\t<\/div>\n\t\t\t\t\t<\/details>\n\t\t\t\t\t\t<details id=\"e-n-accordion-item-1725\" class=\"e-n-accordion-item\" >\n\t\t\t\t<summary class=\"e-n-accordion-item-title\" data-accordion-index=\"6\" tabindex=\"-1\" aria-expanded=\"false\" aria-controls=\"e-n-accordion-item-1725\" >\n\t\t\t\t\t<span class='e-n-accordion-item-title-header'><div class=\"e-n-accordion-item-title-text\"> Fuarix ile i\u015f birli\u011fi yapmak istiyorum, nas\u0131l ileti\u015fime ge\u00e7ebilirim? <\/div><\/span>\n\t\t\t\t\t\t\t<span class='e-n-accordion-item-title-icon'>\n\t\t\t<span class='e-opened' ><i aria-hidden=\"true\" class=\"fas fa-minus\"><\/i><\/span>\n\t\t\t<span class='e-closed'><i aria-hidden=\"true\" class=\"fas fa-plus\"><\/i><\/span>\n\t\t<\/span>\n\n\t\t\t\t\t\t<\/summary>\n\t\t\t\t<div role=\"region\" aria-labelledby=\"e-n-accordion-item-1725\" class=\"elementor-element elementor-element-8172c74 e-flex e-con-boxed e-con e-child\" data-id=\"8172c74\" data-element_type=\"container\" data-e-type=\"container\">\n\t\t\t\t\t<div class=\"e-con-inner\">\n\t\t\t\t<div class=\"elementor-element elementor-element-a30e0b0 elementor-widget elementor-widget-text-editor\" data-id=\"a30e0b0\" data-element_type=\"widget\" data-e-type=\"widget\" data-widget_type=\"text-editor.default\">\n\t\t\t\t<div class=\"elementor-widget-container\">\n\t\t\t\t\t\t\t\t\t<p>Organizat\u00f6r, medya, sponsor veya partner olarak i\u015f birli\u011fi yapmak isteyen kurumlar i\u00e7in ileti\u015fim formumuz arac\u0131l\u0131\u011f\u0131yla\u00a0 yada <a href=\"mailto:iletisim@fuarix.com\">iletisim@fuarix.com<\/a> adresimize yazarak bize ula\u015fabilirsiniz.\u00a0<\/p>\t\t\t\t\t\t\t\t<\/div>\n\t\t\t\t<\/div>\n\t\t\t\t\t<\/div>\n\t\t\t\t<\/div>\n\t\t\t\t\t<\/details>\n\t\t\t\t\t<\/div>\n\t\t\t\t\t\t<\/div>\n\t\t\t\t<\/div>\n\t\t\t\t\t<\/div>\n\t\t\t\t<\/div>\n\t\t<div class=\"elementor-element elementor-element-053c253 e-flex e-con-boxed e-con e-parent\" data-id=\"053c253\" data-element_type=\"container\" data-e-type=\"container\">\n\t\t\t\t\t<div class=\"e-con-inner\">\n\t\t\t\t<div class=\"elementor-element elementor-element-b7783ed elementor-widget elementor-widget-text-editor\" data-id=\"b7783ed\" data-element_type=\"widget\" data-e-type=\"widget\" data-widget_type=\"text-editor.default\">\n\t\t\t\t<div class=\"elementor-widget-container\">\n\t\t\t\t\t\t\t\t\t<h4 data-start=\"107\" data-end=\"126\"><strong data-start=\"111\" data-end=\"126\">Contact us<\/strong><\/h4><p data-start=\"128\" data-end=\"323\">Fuarlar\u0131m\u0131za kat\u0131l\u0131m, i\u015f birli\u011fi f\u0131rsatlar\u0131 ya da merak etti\u011finiz di\u011fer t\u00fcm konular hakk\u0131nda bizimle ileti\u015fime ge\u00e7mekten \u00e7ekinmeyin. Fuarix ekibi olarak size yard\u0131mc\u0131 olmaktan memnuniyet duyar\u0131z.<\/p><p data-start=\"353\" data-end=\"547\"><a class=\"cursor-pointer\" href=\"mailto:info@fuarix.com\" rel=\"noopener\" data-start=\"478\" data-end=\"493\">info@fuarix.com<\/a><\/p><p data-start=\"353\" data-end=\"547\"><strong data-start=\"549\" data-end=\"573\">\u00c7al\u0131\u015fma Saatlerimiz:<\/strong><br data-start=\"573\" data-end=\"576\" \/>Hafta i\u00e7i: 09.00 \u2013 18.00<br data-start=\"600\" data-end=\"603\" \/>Cumartesi \u2013 Pazar: Kapal\u0131<\/p>\t\t\t\t\t\t\t\t<\/div>\n\t\t\t\t<\/div>\n\t\t\t\t\t<\/div>\n\t\t\t\t<\/div>\n\t\t\t\t<\/div>","protected":false},"excerpt":{"rendered":"<p>Fuarix olarak d\u00fczenledi\u011fimiz fuarlar, sekt\u00f6r ihtiya\u00e7lar\u0131na \u00f6zel olarak tasarlanm\u0131\u015f profesyonel i\u015f platformlar\u0131d\u0131r. Kat\u0131l\u0131mc\u0131, ziyaret\u00e7i veya i\u015f orta\u011f\u0131 olmak isteyen herkesin akl\u0131nda baz\u0131 sorular olabilir. A\u015fa\u011f\u0131da en s\u0131k kar\u015f\u0131la\u015ft\u0131\u011f\u0131m\u0131z sorular\u0131 ve yan\u0131tlar\u0131n\u0131 sizin i\u00e7in derledik. Akl\u0131n\u0131za tak\u0131lan ba\u015fka bir konu olursa bizimle do\u011frudan ileti\u015fime ge\u00e7ebilirsiniz. Fuarix hangi alanlarda fuarlar d\u00fczenliyor? Fuarix, Konya merkezli olarak in\u015faat, otomotiv, [&hellip;]<\/p>\n","protected":false},"author":3,"featured_media":0,"parent":0,"menu_order":0,"comment_status":"closed","ping_status":"open","template":"","meta":{"site-sidebar-layout":"default","site-content-layout":"","ast-site-content-layout":"default","site-content-style":"default","site-sidebar-style":"default","ast-global-header-display":"","ast-banner-title-visibility":"","ast-main-header-display":"","ast-hfb-above-header-display":"","ast-hfb-below-header-display":"","ast-hfb-mobile-header-display":"","site-post-title":"","ast-breadcrumbs-content":"","ast-featured-img":"","footer-sml-layout":"","ast-disable-related-posts":"","theme-transparent-header-meta":"","adv-header-id-meta":"","stick-header-meta":"","header-above-stick-meta":"","header-main-stick-meta":"","header-below-stick-meta":"","astra-migrate-meta-layouts":"set","ast-page-background-enabled":"default","ast-page-background-meta":{"desktop":{"background-color":"","background-image":"","background-repeat":"repeat","background-position":"center center","background-size":"auto","background-attachment":"scroll","background-type":"","background-media":"","overlay-type":"","overlay-color":"","overlay-opacity":"","overlay-gradient":""},"tablet":{"background-color":"","background-image":"","background-repeat":"repeat","background-position":"center center","background-size":"auto","background-attachment":"scroll","background-type":"","background-media":"","overlay-type":"","overlay-color":"","overlay-opacity":"","overlay-gradient":""},"mobile":{"background-color":"","background-image":"","background-repeat":"repeat","background-position":"center center","background-size":"auto","background-attachment":"scroll","background-type":"","background-media":"","overlay-type":"","overlay-color":"","overlay-opacity":"","overlay-gradient":""}},"ast-content-background-meta":{"desktop":{"background-color":"var(--ast-global-color-5)","background-image":"","background-repeat":"repeat","background-position":"center center","background-size":"auto","background-attachment":"scroll","background-type":"","background-media":"","overlay-type":"","overlay-color":"","overlay-opacity":"","overlay-gradient":""},"tablet":{"background-color":"var(--ast-global-color-5)","background-image":"","background-repeat":"repeat","background-position":"center center","background-size":"auto","background-attachment":"scroll","background-type":"","background-media":"","overlay-type":"","overlay-color":"","overlay-opacity":"","overlay-gradient":""},"mobile":{"background-color":"var(--ast-global-color-5)","background-image":"","background-repeat":"repeat","background-position":"center center","background-size":"auto","background-attachment":"scroll","background-type":"","background-media":"","overlay-type":"","overlay-color":"","overlay-opacity":"","overlay-gradient":""}},"footnotes":""},"class_list":["post-2","page","type-page","status-publish","hentry"],"_links":{"self":[{"href":"https:\/\/fuarix.com\/en\/wp-json\/wp\/v2\/pages\/2","targetHints":{"allow":["GET"]}}],"collection":[{"href":"https:\/\/fuarix.com\/en\/wp-json\/wp\/v2\/pages"}],"about":[{"href":"https:\/\/fuarix.com\/en\/wp-json\/wp\/v2\/types\/page"}],"author":[{"embeddable":true,"href":"https:\/\/fuarix.com\/en\/wp-json\/wp\/v2\/users\/3"}],"replies":[{"embeddable":true,"href":"https:\/\/fuarix.com\/en\/wp-json\/wp\/v2\/comments?post=2"}],"version-history":[{"count":28,"href":"https:\/\/fuarix.com\/en\/wp-json\/wp\/v2\/pages\/2\/revisions"}],"predecessor-version":[{"id":2273,"href":"https:\/\/fuarix.com\/en\/wp-json\/wp\/v2\/pages\/2\/revisions\/2273"}],"wp:attachment":[{"href":"https:\/\/fuarix.com\/en\/wp-json\/wp\/v2\/media?parent=2"}],"curies":[{"name":"wp","href":"https:\/\/api.w.org\/{rel}","templated":true}]}}